{"id":2372,"date":"2025-05-03T04:35:37","date_gmt":"2025-05-03T04:35:37","guid":{"rendered":"https:\/\/demo.7iquid.com\/vroomo\/?page_id=2372"},"modified":"2026-03-04T15:49:21","modified_gmt":"2026-03-04T15:49:21","slug":"vip-cars","status":"publish","type":"page","link":"https:\/\/www.colibriviptransfer.com\/ru\/vip-cars\/","title":{"rendered":"VIP-\u0430\u0432\u0442\u043e\u043c\u043e\u0431\u0438\u043b\u0438"},"content":{"rendered":"\t\t<div data-elementor-type=\"wp-page\" data-elementor-id=\"2372\" class=\"elementor elementor-2372\">\n\t\t\t\t        <section class=\"elementor-section elementor-top-section elementor-element elementor-element-a8730a2 elementor-section-boxed elementor-section-height-default elementor-section-height-default pxl-section-static-pos-no pxl-section-overflow-hidden-no pxl-container-margin-auto-no\" data-id=\"a8730a2\" data-element_type=\"section\" data-e-type=\"section\">\n\n                \n                <div class=\"elementor-container elementor-column-gap-default \">\n                <div class=\"elementor-column elementor-col-100 elementor-top-column elementor-element elementor-element-7ffd650 pxl-column-element-default pxl-column-overflow-hidden-no\" data-id=\"7ffd650\" data-element_type=\"column\" data-e-type=\"column\">\r\n        <div class=\"elementor-widget-wrap elementor-element-populated\">\r\n                    \t\t<div class=\"elementor-element elementor-element-59cfa2b elementor-widget elementor-widget-pxl_breadcrumb\" data-id=\"59cfa2b\" data-element_type=\"widget\" data-e-type=\"widget\" data-widget_type=\"pxl_breadcrumb.default\">\n\t\t\t\t<div class=\"elementor-widget-container\">\n\t\t\t\t\t<div class=\"pxl-breadcrumb\">\r\n    <div class=\"br-item\"><span class=\"br-text\" >Home<\/span><span class=\"br-divider\">\/<\/span><\/div><\/div>\t\t\t\t<\/div>\n\t\t\t\t<\/div>\n\t\t\t\t<div class=\"elementor-element elementor-element-4b5c2d6 elementor-widget elementor-widget-pxl_search\" data-id=\"4b5c2d6\" data-element_type=\"widget\" data-e-type=\"widget\" data-widget_type=\"pxl_search.default\">\n\t\t\t\t<div class=\"elementor-widget-container\">\n\t\t\t\t\t<div class=\"pxl-search-wrap-wg layout-2\">\r\n    <form method=\"post\" class=\"pxl-search-form relative\" action=\"https:\/\/www.colibriviptransfer.com\/ru\/vip-cars\/\">\r\n                <div class=\"row gx-16 gx-xs-16 gy-16\">\r\n            <div class=\"col-xl col-lg-12\">\r\n                <div class=\"row gx-16 gx-xs-16 gy-16\">\r\n                    <div class=\"col-xl col-lg-6 col-sm-12\">\r\n                        <label class=\"item-search\">\r\n                            <span class=\"item-text\">Pick-up location<\/span>\r\n                            <span class=\"box-search\">\r\n                                <span class=\"pxli-pin-map\"><\/span>\r\n                                <input type=\"text\" class=\"pxl-search-field search-autocomplete-place pickup-location-input\" placeholder=\"Provide a Location\" value=\"\" name=\"pickup_location\"\/>\r\n                            <\/span>\r\n                        <\/label>\r\n                    <\/div>\r\n                    <div class=\"dropoff-location-wrap col-xl col-lg-6 col-sm-12 d-none\">\r\n                        <label class=\"item-search\">\r\n                            <span class=\"item-text\">Drop-off location<\/span>\r\n                            <span class=\"box-search\">\r\n                                <span class=\"pxli-pin-map\"><\/span>\r\n                                <input type=\"text\" class=\"pxl-search-field search-autocomplete-place dropoff-location-input\" placeholder=\"Drop-off location\" value=\"\" name=\"dropoff_location\"\/>\r\n                            <\/span>\r\n                        <\/label>\r\n                    <\/div>\r\n                <\/div>\r\n                <label for=\"dropoff-location-on-4b5c2d6\" class=\"box-checked\">\r\n                    <input id=\"dropoff-location-on-4b5c2d6\" class=\"dropoff-location-on\" name=\"dropoff_location_on\" type=\"checkbox\" value=\"1\" >\r\n                    <span>Return to a different location<\/span>\r\n                <\/label>\r\n            <\/div>\r\n            <div class=\"col-xl-auto col-lg-12\">\r\n                <div class=\"row gx-16 gx-xs-16 gy-16\">\r\n                    <div class=\"col-xl-auto col-lg-5 col-md-12\">\r\n                        <label class=\"item-date\">\r\n                            <span class=\"item-text\">Pick-up date<\/span>\r\n                            <div class=\"box-date-time box-pickup\">\r\n                                <div class=\"box-date\">\r\n                                    <span class=\"pxli-calendar\"><\/span>\r\n                                    <input name=\"pickup_date\" type=\"text\" class=\"pickup-date\" aria-required=\"true\" value=\"21\/04\/2026\">\r\n                                <\/div>\r\n                                <div class=\"box-time\">\r\n                                    <span class=\"pxli-three-clock\"><\/span>\r\n                                    <input name=\"pickup_time\" type=\"text\" class=\"pickup-time timepicker input-text\" value=\"15:11\" \/>\r\n                                <\/div>\r\n                            <\/div>\r\n                        <\/label>\r\n                    <\/div>\r\n                    <div class=\"col-xl-auto col-lg-5 col-md-12\">\r\n                        <label class=\"item-date\">\r\n                            <span class=\"item-text\">Drop-off Date<\/span>\r\n                            <div class=\"box-date-time box-dropoff\">\r\n                                <div class=\"box-date\">\r\n                                    <span class=\"pxli-calendar\"><\/span>\r\n                                    <input name=\"dropoff_date\" type=\"text\" class=\"dropoff-date\" aria-required=\"true\" value=\"24\/04\/2026\">\r\n                                <\/div>\r\n                                <div class=\"box-time\">\r\n                                    <span class=\"pxli-three-clock\"><\/span>\r\n                                    <input name=\"dropoff_time\" type=\"text\" class=\"dropoff-time timepicker input-text\" value=\"10:00\" \/>\r\n                                <\/div>\r\n                            <\/div>\r\n                        <\/label>\r\n                    <\/div>\r\n                    <div class=\"col-xl-auto col-lg-2 col-md-12 align-self-end\">\r\n                        <button type=\"submit\" class=\"pxl-search-submit pxl-btn btn-secondary\" value=\"\">\r\n                            <span class=\"su-button-effect\"><\/span>\r\n                            <span>Search<\/span>\r\n                        <\/button>\r\n                    <\/div>\r\n                <\/div>\r\n            <\/div>\r\n        <\/div>\r\n    <\/form>\r\n<\/div>\r\n \r\n \r\n\r\n \t\t\t\t<\/div>\n\t\t\t\t<\/div>\n\t\t                    <\/div>\r\n        <\/div>\r\n        \t\t\t<\/div>\n\t\t<\/section>\n\t\t        <section class=\"elementor-section elementor-top-section elementor-element elementor-element-fc14326 elementor-section-full_width elementor-section-height-default elementor-section-height-default pxl-section-static-pos-no pxl-section-overflow-hidden-no pxl-container-margin-auto-no\" data-id=\"fc14326\" data-element_type=\"section\" data-e-type=\"section\" data-settings=\"{&quot;background_background&quot;:&quot;classic&quot;}\">\n\n                \n                <div class=\"elementor-container elementor-column-gap-default \">\n                <div class=\"elementor-column elementor-col-50 elementor-top-column elementor-element elementor-element-f8184fd pxl-column-element-default pxl-column-overflow-hidden-no\" data-id=\"f8184fd\" data-element_type=\"column\" data-e-type=\"column\">\r\n        <div class=\"elementor-widget-wrap elementor-element-populated\">\r\n                    \t\t<div class=\"elementor-element elementor-element-60d218f elementor-widget elementor-widget-pxl_car_listing\" data-id=\"60d218f\" data-element_type=\"widget\" data-e-type=\"widget\" data-widget_type=\"pxl_car_listing.default\">\n\t\t\t\t<div class=\"elementor-widget-container\">\n\t\t\t\t\t<div id=\"pxl_car_listing-60d218f\" class=\"pxl-car-listing-wg pxl-post-list layout-car-listing-2\" data-start-page=\"1\" data-max-pages=\"1\" data-total=\"5\" data-perpage=\"8\" data-next-link=\"\" data-args=\"{&quot;post_type&quot;:&quot;car-services&quot;,&quot;posts_per_page&quot;:8,&quot;post_status&quot;:&quot;publish&quot;,&quot;tax_query&quot;:[{&quot;taxonomy&quot;:&quot;car-location-type&quot;,&quot;field&quot;:&quot;slug&quot;,&quot;terms&quot;:[&quot;airport&quot;,&quot;non-airport&quot;],&quot;operator&quot;:&quot;IN&quot;}],&quot;orderby&quot;:&quot;date&quot;,&quot;order&quot;:&quot;DESC&quot;}\" data-settings=\"{&quot;img_size&quot;:&quot;450x282&quot;,&quot;button_text&quot;:&quot;Reservat\\u0131on&quot;,&quot;pagination_type&quot;:null,&quot;layout&quot;:&quot;2&quot;,&quot;price_type&quot;:&quot;total&quot;,&quot;pickup_location&quot;:&quot;&quot;,&quot;dropoff_location&quot;:&quot;&quot;,&quot;pickup_date&quot;:&quot;2026-04-21&quot;,&quot;dropoff_date&quot;:&quot;2026-04-24&quot;,&quot;pickup_time&quot;:&quot;10:00&quot;,&quot;dropoff_time&quot;:&quot;10:00&quot;,&quot;item_button_type&quot;:&quot;details-rental&quot;,&quot;sortby_type&quot;:&quot;isotope&quot;}\">\r\n\t        <div class=\"top-toolbar row align-items-center justify-content-between\">\r\n            <div class=\"col col-sm-auto\">\r\n            \t<h2 class=\"result-count\">\r\n            \t\t5 cars available            \t<\/h2>\r\n            \t            <\/div>\r\n            <div class=\"col-auto\">\r\n            \t<div class=\"filter-anchor\">\r\n\t                <span class=\"pxl-anchor side-panel d-flex align-items-center gx-8 relative\" data-target=\".pxl-hidden-template-2428\">\r\n\t                \t<span class=\"pxl-icon pxli-adjustment\"><\/span>\r\n\t                \t<span class=\"text\">Filters<\/span>\r\n\t                <\/span>\r\n\t\t        <\/div>\r\n            <\/div>\r\n        <\/div>\r\n    \t<div class=\"grid-item-wrap overflow-hidden\">\r\n\t\t<div class=\"pxl-grid-inner row relative\">\r\n\t\t\t\t\t\t\t\t<div class=\"grid-item\" data-name=\"mercedes-travego\" data-date=\"\" data-price=\"0\" data-offer=\"0\">\r\n\t\t    \t\t\t<div class=\"grid-item-inner relative d-flex-wrap\">\r\n\r\n            <div class=\"item-featured relative overflow-hidden col-12 col-sm-auto\">                         \r\n            <figure class=\"post-thumbs\"><img fetchpriority=\"high\" decoding=\"async\" src=\"https:\/\/www.colibriviptransfer.com\/wp-content\/uploads\/2026\/03\/mercedes_benz_travegonun_10_yilini_travego_s_ile_kutluyor_h1751-450x282.webp\" width=\"450\" height=\"282\" alt=\"Mercedes Travego\" data-src=\"https:\/\/www.colibriviptransfer.com\/wp-content\/uploads\/2026\/03\/mercedes_benz_travegonun_10_yilini_travego_s_ile_kutluyor_h1751-450x282.webp\" class=\"img-item \" \/><\/figure> \r\n                    <\/div>\r\n        <div class=\"item-content col-12 col-sm d-flex flex-column justify-content-between\">\r\n        <div class=\"item-content-info\">\r\n            <h4 class=\"item-title\"><a href=\"https:\/\/www.colibriviptransfer.com\/ru\/car-services\/mercedes-travego\/?pickup_date=2026-04-21&#038;dropoff_date=2026-04-24&#038;pickup_time=10:00&#038;dropoff_time=10:00\">Mercedes Travego<\/a><\/h4>\r\n            <div class=\"item-information\">\r\n                <div class=\"item-text\">\r\n                    <i class=\"pxli-icon-seat\"><\/i>\r\n                    <span>42 seats<\/span>\r\n                <\/div>\r\n                \r\n                <div class=\"item-text\">\r\n                    <i class=\"pxli-icon-auto\"><\/i>\r\n                    <span>Unlimited Mileage<\/span>\r\n                <\/div>\r\n                <div class=\"item-text\">\r\n                    <i class=\"pxli-pin-map\"><\/i>\r\n                    <span>Yenig\u00f6l, Antalya Havaalan\u0131, Muratpa\u015fa\/Antalya, T\u00fcrkiye<\/span>\r\n                <\/div>\r\n            <\/div>\r\n        <\/div>\r\n        <div class=\"item-price-button d-flex justify-content-between align-items-center\">\r\n            <span class=\"car-price\">\r\n                <span class=\"price\">&euro;0<\/span>\r\n                <span class=\"price-text\"> \/ total<\/span>\r\n            <\/span>\r\n            <a href=\"https:\/\/www.colibriviptransfer.com\/ru\/car-services\/mercedes-travego\/?pickup_date=2026-04-21&#038;dropoff_date=2026-04-24&#038;pickup_time=10:00&#038;dropoff_time=10:00\" class=\"pxl-btn btn-secondary\">\r\n                <span class=\"su-button-effect\"><\/span>\r\n                <span>Reservat\u0131on<\/span>\r\n            <\/a>\r\n        <\/div>\r\n    <\/div>\r\n<\/div>\r\n \t\t    \t\t<\/div>\r\n\t\t\t\t\t\t\t\t\t\t<div class=\"grid-item\" data-name=\"shared-transfer-bus\" data-date=\"\" data-price=\"0\" data-offer=\"0\">\r\n\t\t    \t\t\t<div class=\"grid-item-inner relative d-flex-wrap\">\r\n\r\n            <div class=\"item-featured relative overflow-hidden col-12 col-sm-auto\">                         \r\n            <figure class=\"post-thumbs\"><img decoding=\"async\" src=\"https:\/\/www.colibriviptransfer.com\/wp-content\/uploads\/2026\/03\/turkuaz-450x282.png\" width=\"450\" height=\"282\" alt=\"Shared transfer Bus\" data-src=\"https:\/\/www.colibriviptransfer.com\/wp-content\/uploads\/2026\/03\/turkuaz-450x282.png\" class=\"img-item \" \/><\/figure> \r\n                    <\/div>\r\n        <div class=\"item-content col-12 col-sm d-flex flex-column justify-content-between\">\r\n        <div class=\"item-content-info\">\r\n            <h4 class=\"item-title\"><a href=\"https:\/\/www.colibriviptransfer.com\/ru\/car-services\/shared-transfer-bus\/?pickup_date=2026-04-21&#038;dropoff_date=2026-04-24&#038;pickup_time=10:00&#038;dropoff_time=10:00\">Shared transfer Bus<\/a><\/h4>\r\n            <div class=\"item-information\">\r\n                <div class=\"item-text\">\r\n                    <i class=\"pxli-icon-seat\"><\/i>\r\n                    <span>25 seats<\/span>\r\n                <\/div>\r\n                \r\n                <div class=\"item-text\">\r\n                    <i class=\"pxli-icon-auto\"><\/i>\r\n                    <span>Unlimited Mileage<\/span>\r\n                <\/div>\r\n                <div class=\"item-text\">\r\n                    <i class=\"pxli-pin-map\"><\/i>\r\n                    <span>Yenig\u00f6l, Antalya Havaalan\u0131, Muratpa\u015fa\/Antalya, T\u00fcrkiye<\/span>\r\n                <\/div>\r\n            <\/div>\r\n        <\/div>\r\n        <div class=\"item-price-button d-flex justify-content-between align-items-center\">\r\n            <span class=\"car-price\">\r\n                <span class=\"price\">&euro;0<\/span>\r\n                <span class=\"price-text\"> \/ total<\/span>\r\n            <\/span>\r\n            <a href=\"https:\/\/www.colibriviptransfer.com\/ru\/car-services\/shared-transfer-bus\/?pickup_date=2026-04-21&#038;dropoff_date=2026-04-24&#038;pickup_time=10:00&#038;dropoff_time=10:00\" class=\"pxl-btn btn-secondary\">\r\n                <span class=\"su-button-effect\"><\/span>\r\n                <span>Reservat\u0131on<\/span>\r\n            <\/a>\r\n        <\/div>\r\n    <\/div>\r\n<\/div>\r\n \t\t    \t\t<\/div>\r\n\t\t\t\t\t\t\t\t\t\t<div class=\"grid-item\" data-name=\"mercedes-maybach-vip\" data-date=\"\" data-price=\"0\" data-offer=\"0\">\r\n\t\t    \t\t\t<div class=\"grid-item-inner relative d-flex-wrap\">\r\n\r\n            <div class=\"item-featured relative overflow-hidden col-12 col-sm-auto\">                         \r\n            <figure class=\"post-thumbs\"><img decoding=\"async\" src=\"https:\/\/www.colibriviptransfer.com\/wp-content\/uploads\/2026\/03\/maybach-17-450x282.png\" width=\"450\" height=\"282\" alt=\"Mercedes Maybach Vip\" data-src=\"https:\/\/www.colibriviptransfer.com\/wp-content\/uploads\/2026\/03\/maybach-17-450x282.png\" class=\"img-item \" \/><\/figure> \r\n                    <\/div>\r\n        <div class=\"item-content col-12 col-sm d-flex flex-column justify-content-between\">\r\n        <div class=\"item-content-info\">\r\n            <h4 class=\"item-title\"><a href=\"https:\/\/www.colibriviptransfer.com\/ru\/car-services\/mercedes-maybach-vip\/?pickup_date=2026-04-21&#038;dropoff_date=2026-04-24&#038;pickup_time=10:00&#038;dropoff_time=10:00\">Mercedes Maybach Vip<\/a><\/h4>\r\n            <div class=\"item-information\">\r\n                <div class=\"item-text\">\r\n                    <i class=\"pxli-icon-seat\"><\/i>\r\n                    <span>4 seats<\/span>\r\n                <\/div>\r\n                \r\n                <div class=\"item-text\">\r\n                    <i class=\"pxli-icon-auto\"><\/i>\r\n                    <span>Unlimited Mileage<\/span>\r\n                <\/div>\r\n                <div class=\"item-text\">\r\n                    <i class=\"pxli-pin-map\"><\/i>\r\n                    <span>Yenig\u00f6l, Antalya Havaalan\u0131, Muratpa\u015fa\/Antalya, T\u00fcrkiye<\/span>\r\n                <\/div>\r\n            <\/div>\r\n        <\/div>\r\n        <div class=\"item-price-button d-flex justify-content-between align-items-center\">\r\n            <span class=\"car-price\">\r\n                <span class=\"price\">&euro;0<\/span>\r\n                <span class=\"price-text\"> \/ total<\/span>\r\n            <\/span>\r\n            <a href=\"https:\/\/www.colibriviptransfer.com\/ru\/car-services\/mercedes-maybach-vip\/?pickup_date=2026-04-21&#038;dropoff_date=2026-04-24&#038;pickup_time=10:00&#038;dropoff_time=10:00\" class=\"pxl-btn btn-secondary\">\r\n                <span class=\"su-button-effect\"><\/span>\r\n                <span>Reservat\u0131on<\/span>\r\n            <\/a>\r\n        <\/div>\r\n    <\/div>\r\n<\/div>\r\n \t\t    \t\t<\/div>\r\n\t\t\t\t\t\t\t\t\t\t<div class=\"grid-item\" data-name=\"mercedes-sprinter-vip\" data-date=\"\" data-price=\"0\" data-offer=\"0\">\r\n\t\t    \t\t\t<div class=\"grid-item-inner relative d-flex-wrap\">\r\n\r\n            <div class=\"item-featured relative overflow-hidden col-12 col-sm-auto\">                         \r\n            <figure class=\"post-thumbs\"><img loading=\"lazy\" decoding=\"async\" src=\"https:\/\/www.colibriviptransfer.com\/wp-content\/uploads\/2025\/04\/mercedes-vip-1-450x282.png\" width=\"450\" height=\"282\" alt=\"Mercedes Sprinter Vip\" data-src=\"https:\/\/www.colibriviptransfer.com\/wp-content\/uploads\/2025\/04\/mercedes-vip-1-450x282.png\" class=\"img-item \" \/><\/figure> \r\n                    <\/div>\r\n        <div class=\"item-content col-12 col-sm d-flex flex-column justify-content-between\">\r\n        <div class=\"item-content-info\">\r\n            <h4 class=\"item-title\"><a href=\"https:\/\/www.colibriviptransfer.com\/ru\/car-services\/mercedes-sprinter-vip\/?pickup_date=2026-04-21&#038;dropoff_date=2026-04-24&#038;pickup_time=10:00&#038;dropoff_time=10:00\">Mercedes Sprinter Vip<\/a><\/h4>\r\n            <div class=\"item-information\">\r\n                <div class=\"item-text\">\r\n                    <i class=\"pxli-icon-seat\"><\/i>\r\n                    <span>12 seats<\/span>\r\n                <\/div>\r\n                \r\n                <div class=\"item-text\">\r\n                    <i class=\"pxli-icon-auto\"><\/i>\r\n                    <span><\/span>\r\n                <\/div>\r\n                <div class=\"item-text\">\r\n                    <i class=\"pxli-pin-map\"><\/i>\r\n                    <span>Yenig\u00f6l, Antalya Havaalan\u0131, Muratpa\u015fa\/Antalya, T\u00fcrkiye<\/span>\r\n                <\/div>\r\n            <\/div>\r\n        <\/div>\r\n        <div class=\"item-price-button d-flex justify-content-between align-items-center\">\r\n            <span class=\"car-price\">\r\n                <span class=\"price\">&euro;0<\/span>\r\n                <span class=\"price-text\"> \/ total<\/span>\r\n            <\/span>\r\n            <a href=\"https:\/\/www.colibriviptransfer.com\/ru\/car-services\/mercedes-sprinter-vip\/?pickup_date=2026-04-21&#038;dropoff_date=2026-04-24&#038;pickup_time=10:00&#038;dropoff_time=10:00\" class=\"pxl-btn btn-secondary\">\r\n                <span class=\"su-button-effect\"><\/span>\r\n                <span>Reservat\u0131on<\/span>\r\n            <\/a>\r\n        <\/div>\r\n    <\/div>\r\n<\/div>\r\n \t\t    \t\t<\/div>\r\n\t\t\t\t\t\t\t\t\t\t<div class=\"grid-item\" data-name=\"volkswagen-crafter-vip\" data-date=\"\" data-price=\"0\" data-offer=\"1\">\r\n\t\t    \t\t\t<div class=\"grid-item-inner relative d-flex-wrap\">\r\n\r\n            <div class=\"item-featured relative overflow-hidden col-12 col-sm-auto\">                         \r\n            <figure class=\"post-thumbs\"><img loading=\"lazy\" decoding=\"async\" src=\"https:\/\/www.colibriviptransfer.com\/wp-content\/uploads\/2025\/04\/Adsiz-tasarim-1-450x282.png\" width=\"450\" height=\"282\" alt=\"Volkswagen Crafter Vip\" data-src=\"https:\/\/www.colibriviptransfer.com\/wp-content\/uploads\/2025\/04\/Adsiz-tasarim-1-450x282.png\" class=\"img-item \" \/><\/figure> \r\n            <span class=\"discount-offer\">10% OFF<\/span>        <\/div>\r\n        <div class=\"item-content col-12 col-sm d-flex flex-column justify-content-between\">\r\n        <div class=\"item-content-info\">\r\n            <h4 class=\"item-title\"><a href=\"https:\/\/www.colibriviptransfer.com\/ru\/car-services\/volkswagen-crafter-vip\/?pickup_date=2026-04-21&#038;dropoff_date=2026-04-24&#038;pickup_time=10:00&#038;dropoff_time=10:00\">Volkswagen Crafter Vip<\/a><\/h4>\r\n            <div class=\"item-information\">\r\n                <div class=\"item-text\">\r\n                    <i class=\"pxli-icon-seat\"><\/i>\r\n                    <span>12 seats<\/span>\r\n                <\/div>\r\n                \r\n                <div class=\"item-text\">\r\n                    <i class=\"pxli-icon-auto\"><\/i>\r\n                    <span>Unlimited Mileage<\/span>\r\n                <\/div>\r\n                <div class=\"item-text\">\r\n                    <i class=\"pxli-pin-map\"><\/i>\r\n                    <span>Yenig\u00f6l, Antalya Havaalan\u0131, Muratpa\u015fa\/Antalya, T\u00fcrkiye<\/span>\r\n                <\/div>\r\n            <\/div>\r\n        <\/div>\r\n        <div class=\"item-price-button d-flex justify-content-between align-items-center\">\r\n            <span class=\"car-price\">\r\n                <span class=\"price\">&euro;0<\/span>\r\n                <span class=\"price-text\"> \/ total<\/span>\r\n            <\/span>\r\n            <a href=\"https:\/\/www.colibriviptransfer.com\/ru\/car-services\/volkswagen-crafter-vip\/?pickup_date=2026-04-21&#038;dropoff_date=2026-04-24&#038;pickup_time=10:00&#038;dropoff_time=10:00\" class=\"pxl-btn btn-secondary\">\r\n                <span class=\"su-button-effect\"><\/span>\r\n                <span>Reservat\u0131on<\/span>\r\n            <\/a>\r\n        <\/div>\r\n    <\/div>\r\n<\/div>\r\n \t\t    \t\t<\/div>\r\n\t\t\t\t\t\t\t<\/div>\r\n\t<\/div> \r\n\t \r\n\t \r\n\r\n\t\r\n\t<\/div>\r\n\t\t\t\t<\/div>\n\t\t\t\t<\/div>\n\t\t                    <\/div>\r\n        <\/div>\r\n                <div class=\"elementor-column elementor-col-50 elementor-top-column elementor-element elementor-element-09365b4 pxl-column-element-default pxl-column-overflow-hidden-no\" data-id=\"09365b4\" data-element_type=\"column\" data-e-type=\"column\">\r\n        <div class=\"elementor-widget-wrap elementor-element-populated\">\r\n                    \t\t<div class=\"elementor-element elementor-element-8662148 elementor-widget elementor-widget-pxl_car_location_map\" data-id=\"8662148\" data-element_type=\"widget\" data-e-type=\"widget\" data-widget_type=\"pxl_car_location_map.default\">\n\t\t\t\t<div class=\"elementor-widget-container\">\n\t\t\t\t\t<div class=\"pxl-car-location-map\">\r\n            <div id=\"pxl-car-map\" class=\"pxl-car-map\"><\/div>\r\n    <\/div>\r\n\t\t\t\t<\/div>\n\t\t\t\t<\/div>\n\t\t                    <\/div>\r\n        <\/div>\r\n        \t\t\t<\/div>\n\t\t<\/section>\n\t\t\t\t<\/div>\n\t\t","protected":false},"excerpt":{"rendered":"<p>Home\/ Pick-up location Drop-off location Return to a different location Pick-up date Drop-off Date Search 3 cars available Filters Mercedes Maybach Vip 4 seats Unlimited Mileage &euro;0 \/ total Reservat\u0131on Mercedes Sprinter Vip 12 seats &euro;0 \/ total Reservat\u0131on 10% OFF Volkswagen Crafter Vip 12 seats Unlimited Mileage &euro;0 \/ total Reservat\u0131on<\/p>","protected":false},"author":1,"featured_media":0,"parent":0,"menu_order":0,"comment_status":"closed","ping_status":"closed","template":"","meta":{"footnotes":""},"class_list":["post-2372","page","type-page","status-publish","hentry"],"_links":{"self":[{"href":"https:\/\/www.colibriviptransfer.com\/ru\/wp-json\/wp\/v2\/pages\/2372","targetHints":{"allow":["GET"]}}],"collection":[{"href":"https:\/\/www.colibriviptransfer.com\/ru\/wp-json\/wp\/v2\/pages"}],"about":[{"href":"https:\/\/www.colibriviptransfer.com\/ru\/wp-json\/wp\/v2\/types\/page"}],"author":[{"embeddable":true,"href":"https:\/\/www.colibriviptransfer.com\/ru\/wp-json\/wp\/v2\/users\/1"}],"replies":[{"embeddable":true,"href":"https:\/\/www.colibriviptransfer.com\/ru\/wp-json\/wp\/v2\/comments?post=2372"}],"version-history":[{"count":4,"href":"https:\/\/www.colibriviptransfer.com\/ru\/wp-json\/wp\/v2\/pages\/2372\/revisions"}],"predecessor-version":[{"id":7550,"href":"https:\/\/www.colibriviptransfer.com\/ru\/wp-json\/wp\/v2\/pages\/2372\/revisions\/7550"}],"wp:attachment":[{"href":"https:\/\/www.colibriviptransfer.com\/ru\/wp-json\/wp\/v2\/media?parent=2372"}],"curies":[{"name":"wp","href":"https:\/\/api.w.org\/{rel}","templated":true}]}}